{"id":159,"date":"2024-03-20T16:23:26","date_gmt":"2024-03-20T15:23:26","guid":{"rendered":"https:\/\/versehrtenwerkstatt.de\/?page_id=159"},"modified":"2024-03-27T22:27:22","modified_gmt":"2024-03-27T21:27:22","slug":"startseite","status":"publish","type":"page","link":"https:\/\/versehrtenwerkstatt.de\/","title":{"rendered":"Startseite"},"content":{"rendered":"\t\t<div data-elementor-type=\"wp-page\" data-elementor-id=\"159\" class=\"elementor elementor-159\">\n\t\t\t\t<div class=\"elementor-element elementor-element-239da5f e-flex e-con-boxed e-con e-parent\" data-id=\"239da5f\" data-element_type=\"container\" data-e-type=\"container\" data-settings=\"{&quot;background_background&quot;:&quot;classic&quot;}\">\n\t\t\t\t\t<div class=\"e-con-inner\">\n\t\t\t\t<div class=\"elementor-element elementor-element-5604a7d elementor-widget elementor-widget-heading\" data-id=\"5604a7d\" data-element_type=\"widget\" data-e-type=\"widget\" data-widget_type=\"heading.default\">\n\t\t\t\t<div class=\"elementor-widget-container\">\n\t\t\t\t\t<h2 class=\"elementor-heading-title elementor-size-default\">DIE VERSEHRTEN\u00adWERKSTATT R.KANISS <br>MIT SOZIALEM AUFTRAG.<\/h2>\t\t\t\t<\/div>\n\t\t\t\t<\/div>\n\t\t\t\t<div class=\"elementor-element elementor-element-140fb4a elementor-align-center elementor-widget__width-auto elementor-widget elementor-widget-button\" data-id=\"140fb4a\" data-element_type=\"widget\" data-e-type=\"widget\" data-widget_type=\"button.default\">\n\t\t\t\t<div class=\"elementor-widget-container\">\n\t\t\t\t\t\t\t\t\t<div class=\"elementor-button-wrapper\">\n\t\t\t\t\t<a class=\"elementor-button elementor-button-link elementor-size-sm\" href=\"#\">\n\t\t\t\t\t\t<span class=\"elementor-button-content-wrapper\">\n\t\t\t\t\t\t\t\t\t<span class=\"elementor-button-text\">\u00dcber uns<\/span>\n\t\t\t\t\t<\/span>\n\t\t\t\t\t<\/a>\n\t\t\t\t<\/div>\n\t\t\t\t\t\t\t\t<\/div>\n\t\t\t\t<\/div>\n\t\t\t\t\t<\/div>\n\t\t\t\t<\/div>\n\t\t<div class=\"elementor-element elementor-element-8082b3d e-flex e-con-boxed e-con e-parent\" data-id=\"8082b3d\" data-element_type=\"container\" data-e-type=\"container\" data-settings=\"{&quot;background_background&quot;:&quot;classic&quot;}\">\n\t\t\t\t\t<div class=\"e-con-inner\">\n\t\t\t\t<div class=\"elementor-element elementor-element-2a0067d elementor-widget elementor-widget-spacer\" data-id=\"2a0067d\" data-element_type=\"widget\" data-e-type=\"widget\" data-widget_type=\"spacer.default\">\n\t\t\t\t<div class=\"elementor-widget-container\">\n\t\t\t\t\t\t\t<div class=\"elementor-spacer\">\n\t\t\t<div class=\"elementor-spacer-inner\"><\/div>\n\t\t<\/div>\n\t\t\t\t\t\t<\/div>\n\t\t\t\t<\/div>\n\t\t\t\t<div class=\"elementor-element elementor-element-58f72b8 elementor-widget elementor-widget-heading\" data-id=\"58f72b8\" data-element_type=\"widget\" data-e-type=\"widget\" data-widget_type=\"heading.default\">\n\t\t\t\t<div class=\"elementor-widget-container\">\n\t\t\t\t\t<h2 class=\"elementor-heading-title elementor-size-default\">UNSERE PRODUKTE UND DEREN HERSTELLUNG<\/h2>\t\t\t\t<\/div>\n\t\t\t\t<\/div>\n\t\t\t\t<div class=\"elementor-element elementor-element-f309f59 elementor-widget elementor-widget-spacer\" data-id=\"f309f59\" data-element_type=\"widget\" data-e-type=\"widget\" data-widget_type=\"spacer.default\">\n\t\t\t\t<div class=\"elementor-widget-container\">\n\t\t\t\t\t\t\t<div class=\"elementor-spacer\">\n\t\t\t<div class=\"elementor-spacer-inner\"><\/div>\n\t\t<\/div>\n\t\t\t\t\t\t<\/div>\n\t\t\t\t<\/div>\n\t\t\t\t\t<\/div>\n\t\t\t\t<\/div>\n\t\t<div class=\"elementor-element elementor-element-c4bf36b e-flex e-con-boxed e-con e-parent\" data-id=\"c4bf36b\" data-element_type=\"container\" data-e-type=\"container\" data-settings=\"{&quot;background_background&quot;:&quot;classic&quot;}\">\n\t\t\t\t\t<div class=\"e-con-inner\">\n\t\t\t\t<div class=\"elementor-element elementor-element-5bd9ef3 elementor-widget elementor-widget-heading\" data-id=\"5bd9ef3\" data-element_type=\"widget\" data-e-type=\"widget\" data-widget_type=\"heading.default\">\n\t\t\t\t<div class=\"elementor-widget-container\">\n\t\t\t\t\t<h2 class=\"elementor-heading-title elementor-size-default\">HYGIENEPAPIERE<\/h2>\t\t\t\t<\/div>\n\t\t\t\t<\/div>\n\t\t\t\t<div class=\"elementor-element elementor-element-ec3b245 elementor-widget-divider--view-line elementor-widget elementor-widget-divider\" data-id=\"ec3b245\" data-element_type=\"widget\" data-e-type=\"widget\" data-widget_type=\"divider.default\">\n\t\t\t\t<div class=\"elementor-widget-container\">\n\t\t\t\t\t\t\t<div class=\"elementor-divider\">\n\t\t\t<span class=\"elementor-divider-separator\">\n\t\t\t\t\t\t<\/span>\n\t\t<\/div>\n\t\t\t\t\t\t<\/div>\n\t\t\t\t<\/div>\n\t\t\t\t<div class=\"elementor-element elementor-element-b75d710 elementor-widget elementor-widget-image\" data-id=\"b75d710\" data-element_type=\"widget\" data-e-type=\"widget\" data-widget_type=\"image.default\">\n\t\t\t\t<div class=\"elementor-widget-container\">\n\t\t\t\t\t\t\t\t\t\t\t\t\t\t\t<img decoding=\"async\" width=\"200\" height=\"126\" src=\"https:\/\/versehrtenwerkstatt.de\/wp-content\/uploads\/2016\/02\/Blindenwerkstatt-Kaniss-Topa-klein.jpg\" class=\"attachment-large size-large wp-image-14\" alt=\"\" \/>\t\t\t\t\t\t\t\t\t\t\t\t\t\t\t<\/div>\n\t\t\t\t<\/div>\n\t\t\t\t<div class=\"elementor-element elementor-element-c4343f1 elementor-widget elementor-widget-text-editor\" data-id=\"c4343f1\" data-element_type=\"widget\" data-e-type=\"widget\" data-widget_type=\"text-editor.default\">\n\t\t\t\t<div class=\"elementor-widget-container\">\n\t\t\t\t\t\t\t\t\t<p>Wir, die Versehrtenwerkstatt R. Kaniss bietet Ihnen in Eignenmarke und bester Qualit\u00e4t, Hygienepapiere und weitere B\u00fcromaterialien an, die unsere geistig und k\u00f6rperlichen Mitarbeiter f\u00fcr Sie verpacken. Unsere Produkte werden ausschliesslich in Deutschland und in der EU hergestellt.<\/p>\t\t\t\t\t\t\t\t<\/div>\n\t\t\t\t<\/div>\n\t\t\t\t\t<\/div>\n\t\t\t\t<\/div>\n\t\t<div class=\"elementor-element elementor-element-9b3d494 e-flex e-con-boxed e-con e-parent\" data-id=\"9b3d494\" data-element_type=\"container\" data-e-type=\"container\" data-settings=\"{&quot;background_background&quot;:&quot;classic&quot;}\">\n\t\t\t\t\t<div class=\"e-con-inner\">\n\t\t\t\t<div class=\"elementor-element elementor-element-3a47784 elementor-widget elementor-widget-heading\" data-id=\"3a47784\" data-element_type=\"widget\" data-e-type=\"widget\" data-widget_type=\"heading.default\">\n\t\t\t\t<div class=\"elementor-widget-container\">\n\t\t\t\t\t<h2 class=\"elementor-heading-title elementor-size-default\">PAPIERWAREN<\/h2>\t\t\t\t<\/div>\n\t\t\t\t<\/div>\n\t\t\t\t<div class=\"elementor-element elementor-element-16d5332 elementor-widget-divider--view-line elementor-widget elementor-widget-divider\" data-id=\"16d5332\" data-element_type=\"widget\" data-e-type=\"widget\" data-widget_type=\"divider.default\">\n\t\t\t\t<div class=\"elementor-widget-container\">\n\t\t\t\t\t\t\t<div class=\"elementor-divider\">\n\t\t\t<span class=\"elementor-divider-separator\">\n\t\t\t\t\t\t<\/span>\n\t\t<\/div>\n\t\t\t\t\t\t<\/div>\n\t\t\t\t<\/div>\n\t\t\t\t<div class=\"elementor-element elementor-element-ae16590 elementor-widget elementor-widget-image\" data-id=\"ae16590\" data-element_type=\"widget\" data-e-type=\"widget\" data-widget_type=\"image.default\">\n\t\t\t\t<div class=\"elementor-widget-container\">\n\t\t\t\t\t\t\t\t\t\t\t\t\t\t\t<img fetchpriority=\"high\" decoding=\"async\" width=\"250\" height=\"250\" src=\"https:\/\/versehrtenwerkstatt.de\/wp-content\/uploads\/2016\/02\/papierwaren4.jpg\" class=\"attachment-large size-large wp-image-15\" alt=\"\" srcset=\"https:\/\/versehrtenwerkstatt.de\/wp-content\/uploads\/2016\/02\/papierwaren4.jpg 250w, https:\/\/versehrtenwerkstatt.de\/wp-content\/uploads\/2016\/02\/papierwaren4-150x150.jpg 150w, https:\/\/versehrtenwerkstatt.de\/wp-content\/uploads\/2016\/02\/papierwaren4-174x174.jpg 174w\" sizes=\"(max-width: 250px) 100vw, 250px\" \/>\t\t\t\t\t\t\t\t\t\t\t\t\t\t\t<\/div>\n\t\t\t\t<\/div>\n\t\t\t\t<div class=\"elementor-element elementor-element-c25d08c elementor-widget elementor-widget-text-editor\" data-id=\"c25d08c\" data-element_type=\"widget\" data-e-type=\"widget\" data-widget_type=\"text-editor.default\">\n\t\t\t\t<div class=\"elementor-widget-container\">\n\t\t\t\t\t\t\t\t\t<p>Papierwaren unterschiedlichster Art f\u00fcr den t\u00e4glichen Gebrauch im B\u00fcro und Haushalt vom Briefpapier bis zum Schreibblock finden sich in unserem Angebot.<\/p>\t\t\t\t\t\t\t\t<\/div>\n\t\t\t\t<\/div>\n\t\t\t\t\t<\/div>\n\t\t\t\t<\/div>\n\t\t\t\t<\/div>\n\t\t","protected":false},"excerpt":{"rendered":"<p>DIE VERSEHRTEN\u00adWERKSTATT R.KANISS MIT SOZIALEM AUFTRAG. \u00dcber uns UNSERE PRODUKTE UND DEREN HERSTELLUNG HYGIENEPAPIERE Wir, die Versehrtenwerkstatt R. Kaniss bietet Ihnen in Eignenmarke und bester Qualit\u00e4t, Hygienepapiere und weitere B\u00fcromaterialien an, die unsere geistig und k\u00f6rperlichen Mitarbeiter f\u00fcr Sie verpacken. Unsere Produkte werden ausschliesslich in Deutschland und in der EU hergestellt. PAPIERWAREN Papierwaren unterschiedlichster Art <a href=\"https:\/\/versehrtenwerkstatt.de\/\" rel=\"nofollow\"><span class=\"sr-only\">Read more about Startseite<\/span>[&hellip;]<\/a><\/p>\n","protected":false},"author":4,"featured_media":0,"parent":0,"menu_order":0,"comment_status":"closed","ping_status":"closed","template":"elementor_header_footer","meta":{"footnotes":""},"class_list":["post-159","page","type-page","status-publish","hentry"],"_links":{"self":[{"href":"https:\/\/versehrtenwerkstatt.de\/index.php?rest_route=\/wp\/v2\/pages\/159","targetHints":{"allow":["GET"]}}],"collection":[{"href":"https:\/\/versehrtenwerkstatt.de\/index.php?rest_route=\/wp\/v2\/pages"}],"about":[{"href":"https:\/\/versehrtenwerkstatt.de\/index.php?rest_route=\/wp\/v2\/types\/page"}],"author":[{"embeddable":true,"href":"https:\/\/versehrtenwerkstatt.de\/index.php?rest_route=\/wp\/v2\/users\/4"}],"replies":[{"embeddable":true,"href":"https:\/\/versehrtenwerkstatt.de\/index.php?rest_route=%2Fwp%2Fv2%2Fcomments&post=159"}],"version-history":[{"count":16,"href":"https:\/\/versehrtenwerkstatt.de\/index.php?rest_route=\/wp\/v2\/pages\/159\/revisions"}],"predecessor-version":[{"id":178,"href":"https:\/\/versehrtenwerkstatt.de\/index.php?rest_route=\/wp\/v2\/pages\/159\/revisions\/178"}],"wp:attachment":[{"href":"https:\/\/versehrtenwerkstatt.de\/index.php?rest_route=%2Fwp%2Fv2%2Fmedia&parent=159"}],"curies":[{"name":"wp","href":"https:\/\/api.w.org\/{rel}","templated":true}]}}